{"id":3086,"date":"2025-07-14T19:10:54","date_gmt":"2025-07-14T19:10:54","guid":{"rendered":"https:\/\/patagoniapuntos.com\/v1\/?page_id=3086"},"modified":"2025-07-26T01:19:54","modified_gmt":"2025-07-26T01:19:54","slug":"concurso-tyc","status":"publish","type":"page","link":"https:\/\/patagoniapuntos.com\/v1\/concurso-tyc\/","title":{"rendered":"Concurso TYC"},"content":{"rendered":"\n<h1 class=\"wp-block-heading\"><strong>T\u00c9RMINOS Y CONDICIONES DEL CONCURSO PATAGONIAPUNTOS.COM \u2013 EXHIBICI\u00d3N PATAGOTITAN MAYORUM<\/strong><\/h1>\n\n\n\n<h2 class=\"wp-block-heading\">1. <strong>ORGANIZADOR<\/strong><\/h2>\n\n\n\n<p>El presente concurso es organizado por <strong>Patagoniapuntos.com <\/strong>, con domicilio en la Rep\u00fablica Argentina (en adelante \u00abla Organizaci\u00f3n\u00bb), con ocasi\u00f3n de la exhibici\u00f3n del <strong>Patagotitan mayorum <\/strong>en la Ciudad Aut\u00f3noma de Buenos Aires.<\/p>\n\n\n\n<h2 class=\"wp-block-heading\">2. <strong>VIGENCIA DEL CONCURSO<\/strong><\/h2>\n\n\n\n<p>El concurso se llevar\u00e1 a cabo desde el <strong>2 de Julio de 2025 hasta el 31 de agosto de 2025 <\/strong>inclusive (en adelante \u201cPeriodo de Participaci\u00f3n\u201d). El sorteo se realizar\u00e1 el d\u00eda <strong>20 de septiembre de 2025 <\/strong>, y los ganadores ser\u00e1n notificados a trav\u00e9s de los medios registrados en el sitio web.<\/p>\n\n\n\n<h2 class=\"wp-block-heading\">3. <strong>LUGAR DE PARTICIPACI\u00d3N<\/strong><\/h2>\n\n\n\n<p>La participaci\u00f3n es posible escaneando el c\u00f3digo QR ubicado en la carteler\u00eda de la exhibici\u00f3n del <strong>Patagotitan mayorum <\/strong>, emplazada en el <strong>Parque Thays, Barrio de Retiro, Ciudad de Buenos Aires (Recoleta) <\/strong>.<\/p>\n\n\n\n<h2 class=\"wp-block-heading\">4. <strong>MODO DE PARTICIPACI\u00d3N<\/strong><\/h2>\n\n\n\n<p>Para participar del concurso, los interesados deber\u00e1n cumplir con los siguientes pasos:<\/p>\n\n\n\n<ul class=\"wp-block-list\">\n<li>Escanear el c\u00f3digo QR disponible en la carteler\u00eda de la exhibici\u00f3n.<\/li>\n\n\n\n<li>Ingresar al sitio web <strong>tienda.patagoniapuntos.com <\/strong>y completar el formulario de registro con sus datos personales.<\/li>\n\n\n\n<li>Aceptar expresamente los presentes T\u00e9rminos y Condiciones.<\/li>\n<\/ul>\n\n\n\n<p>Solo podr\u00e1n participar las personas que hayan escaneado el c\u00f3digo QR y completado su registro correctamente dentro del Periodo de Participaci\u00f3n.<\/p>\n\n\n\n<h2 class=\"wp-block-heading\">5. <strong>PARTICIPANTES ELEGIBLES<\/strong><\/h2>\n\n\n\n<p>Podr\u00e1n participar todas las personas f\u00edsicas mayores de 18 a\u00f1os, residentes en la Rep\u00fablica Argentina, que cumplan con los requisitos establecidos en estos t\u00e9rminos y condiciones.<\/p>\n\n\n\n<p>Quedan excluidas del concurso las personas menores de edad, salvo que cuenten con autorizaci\u00f3n expresa de sus padres o tutores legales.<\/p>\n\n\n\n<h2 class=\"wp-block-heading\">6. <strong>PREMIO<\/strong><\/h2>\n\n\n\n<p>El premio consiste en:<\/p>\n\n\n\n<h3 class=\"wp-block-heading\"><strong>Un viaje para dos (2) personas con destino a Trelew, provincia de Chubut, Argentina, incluyendo:<\/strong><\/h3>\n\n\n\n<ul class=\"wp-block-list\">\n<li><strong>Dos (2) pasajes a\u00e9reos ida y vuelta <\/strong>en l\u00ednea a\u00e9rea <strong><a href=\"https:\/\/jetsmart.com\/ar\/es\/\">JetSmart <\/a><\/strong>, desde <strong>Buenos Aires (Aeroparque Jorge Newbery) <\/strong>hacia <strong>Trelew (Aeropuerto Almirante Marcos A. Zar) <\/strong>y viceversa. Las fechas ser\u00e1n coordinadas seg\u00fan disponibilidad de la aerol\u00ednea y de los ganadores.<\/li>\n\n\n\n<li><strong>Estad\u00eda de 4 d\u00edas y 3 noches <\/strong>en alojamiento denominado <strong>\u00ab<a href=\"https:\/\/www.instagram.com\/hosteriacasadepaula\/\">Casa de Paula<\/a>\u00bb <\/strong>en Trelew, para dos personas.<\/li>\n\n\n\n<li><strong>Almuerzos y cenas <\/strong>en los siguientes locales gastron\u00f3micos:\n<ul class=\"wp-block-list\">\n<li><a href=\"https:\/\/www.instagram.com\/burgermagictw\/\">BurgerMagic<\/a><\/li>\n\n\n\n<li><a href=\"https:\/\/www.instagram.com\/cafe.maximino\/\">Maximino<\/a><\/li>\n\n\n\n<li><a href=\"https:\/\/www.instagram.com\/jyglobar\/\">Jyglo Bar<\/a><\/li>\n\n\n\n<li><a href=\"https:\/\/www.instagram.com\/edisonhousetw\/\">EdisonHouse<\/a><\/li>\n\n\n\n<li><a href=\"https:\/\/www.instagram.com\/samasushitrelew\/\">SamaSushi<\/a><\/li>\n<\/ul>\n<\/li>\n\n\n\n<li><strong>Acceso para dos personas al Museo Paleontol\u00f3gico Egidio Feruglio (<a href=\"https:\/\/www.instagram.com\/mefpatagonia\/\">MEF<\/a>) <\/strong>\u2013 La Casa del Dino.<\/li>\n\n\n\n<li><strong>Visita guiada para dos personas a la Reserva Natural Provincial <a href=\"https:\/\/chubutpatagonia.gob.ar\/destino\/area-natural-protegida-punta-tombo-terrestre\/\">Punta Tombo<\/a> <\/strong>, hogar de la colonia reproductiva m\u00e1s importante del mundo de ping\u00fcinos de magallanes.<\/li>\n\n\n\n<li><strong>Excursiones varias <\/strong>a realizar durante los d\u00edas restantes del viaje, a coordinar previamente con la organizaci\u00f3n.<\/li>\n<\/ul>\n\n\n\n<p>El premio no es transferible ni canjeable por dinero en efectivo u otros bienes o servicios no especificados. La organizaci\u00f3n se reserva el derecho a modificar el premio por otro de similar valor en caso de fuerza mayor o circunstancias imprevistas.<\/p>\n\n\n\n<h2 class=\"wp-block-heading\">7. <strong>SORTEO<\/strong><\/h2>\n\n\n\n<p>El sorteo se realizar\u00e1 el d\u00eda <strong>20 de septiembre de 2025 <\/strong>, mediante un sistema aleatorio entre todos los usuarios registrados que hayan cumplido con los requisitos de participaci\u00f3n. El ganador ser\u00e1 notificado v\u00eda correo electr\u00f3nico o mensaje de texto al contacto registrado en tienda.patagoniapuntos.com.<\/p>\n\n\n\n<h2 class=\"wp-block-heading\">8. <strong>ACEPTACI\u00d3N DE LOS T\u00c9RMINOS<\/strong><\/h2>\n\n\n\n<p>La participaci\u00f3n en este concurso implica la plena aceptaci\u00f3n de estos T\u00e9rminos y Condiciones, as\u00ed como de las decisiones que tome la Organizaci\u00f3n en relaci\u00f3n con el desarrollo del mismo, las cuales ser\u00e1n definitivas e inapelables.<\/p>\n\n\n\n<h2 class=\"wp-block-heading\">9. <strong>LIMITACIONES Y RESPONSABILIDADES<\/strong><\/h2>\n\n\n\n<p>La Organizaci\u00f3n no se responsabiliza por fallas t\u00e9cnicas, errores de registro, problemas de conectividad, o cualquier situaci\u00f3n ajena a su control que pudiera afectar la participaci\u00f3n o desarrollo del concurso.<\/p>\n\n\n\n<p>Los datos personales recolectados ser\u00e1n utilizados \u00fanicamente para fines relacionados con el concurso, conforme a lo establecido en la Ley de Protecci\u00f3n de Datos Personales N\u00b0 25.326.<\/p>\n\n\n\n<h2 class=\"wp-block-heading\">10. <strong>DURACI\u00d3N Y VIGENCIA<\/strong><\/h2>\n\n\n\n<p>Estos T\u00e9rminos y Condiciones estar\u00e1n vigentes durante todo el per\u00edodo del concurso y hasta tanto se resuelva cualquier consulta o situaci\u00f3n derivada del mismo.<\/p>\n\n\n\n<h2 class=\"wp-block-heading\">11. <strong>CONTACTO<\/strong><\/h2>\n\n\n\n<p>Para consultas o dudas sobre el concurso, pueden escribirnos a <a href=\"mailto:info@patagoniapuntos.com\">info@patagoniapuntos.com<\/a><\/p>\n\n\n\n<hr class=\"wp-block-separator has-alpha-channel-opacity\"\/>\n\n\n\n<p><em>Patagoniapuntos.com se reserva el derecho de modificar estos t\u00e9rminos y condiciones parcial o totalmente, publicando una nueva versi\u00f3n en su sitio web.<\/em><\/p>\n\n\n\n<p><strong>\u00a1Gracias por participar!<\/strong><\/p>\n\n\n\n<p><\/p>\n\n\n\n<p><\/p>\n\n\n\n<p><\/p>\n","protected":false},"excerpt":{"rendered":"<p>T\u00c9RMINOS Y CONDICIONES DEL CONCURSO PATAGONIAPUNTOS.COM \u2013 EXHIBICI\u00d3N PATAGOTITAN MAYORUM 1. ORGANIZADOR El presente concurso es organizado por Patagoniapuntos.com , con domicilio en la Rep\u00fablica Argentina (en adelante \u00abla Organizaci\u00f3n\u00bb), con ocasi\u00f3n de la exhibici\u00f3n del Patagotitan mayorum en la Ciudad Aut\u00f3noma de Buenos Aires. 2. VIGENCIA DEL CONCURSO El concurso se llevar\u00e1 a cabo &hellip; <a href=\"https:\/\/patagoniapuntos.com\/v1\/concurso-tyc\/\" class=\"more-link\">Continue reading<span class=\"screen-reader-text\"> \u00abConcurso TYC\u00bb<\/span><\/a><\/p>\n","protected":false},"author":2,"featured_media":0,"parent":0,"menu_order":0,"comment_status":"closed","ping_status":"closed","template":"","meta":{"footnotes":""},"class_list":["post-3086","page","type-page","status-publish","hentry"],"_links":{"self":[{"href":"https:\/\/patagoniapuntos.com\/v1\/wp-json\/wp\/v2\/pages\/3086","targetHints":{"allow":["GET"]}}],"collection":[{"href":"https:\/\/patagoniapuntos.com\/v1\/wp-json\/wp\/v2\/pages"}],"about":[{"href":"https:\/\/patagoniapuntos.com\/v1\/wp-json\/wp\/v2\/types\/page"}],"author":[{"embeddable":true,"href":"https:\/\/patagoniapuntos.com\/v1\/wp-json\/wp\/v2\/users\/2"}],"replies":[{"embeddable":true,"href":"https:\/\/patagoniapuntos.com\/v1\/wp-json\/wp\/v2\/comments?post=3086"}],"version-history":[{"count":3,"href":"https:\/\/patagoniapuntos.com\/v1\/wp-json\/wp\/v2\/pages\/3086\/revisions"}],"predecessor-version":[{"id":3222,"href":"https:\/\/patagoniapuntos.com\/v1\/wp-json\/wp\/v2\/pages\/3086\/revisions\/3222"}],"wp:attachment":[{"href":"https:\/\/patagoniapuntos.com\/v1\/wp-json\/wp\/v2\/media?parent=3086"}],"curies":[{"name":"wp","href":"https:\/\/api.w.org\/{rel}","templated":true}]}}